{"id":125105,"date":"2023-12-18T03:50:45","date_gmt":"2023-12-18T03:50:45","guid":{"rendered":"https:\/\/warc.org.uk\/?page_id=125105"},"modified":"2023-12-18T03:56:06","modified_gmt":"2023-12-18T03:56:06","slug":"mesh-com","status":"publish","type":"page","link":"https:\/\/warc.org.uk\/?page_id=125105","title":{"rendered":"Mesh Com"},"content":{"rendered":"<h4 style=\"text-align: center;\"><a href=\"https:\/\/warc.org.uk\/wp-content\/uploads\/2023\/12\/200px-MESHTASTIC.png\"><img loading=\"lazy\" decoding=\"async\" class=\"alignnone size-full wp-image-125106\" src=\"https:\/\/warc.org.uk\/wp-content\/uploads\/2023\/12\/200px-MESHTASTIC.png\" alt=\"\" width=\"200\" height=\"200\" srcset=\"https:\/\/warc.org.uk\/wp-content\/uploads\/2023\/12\/200px-MESHTASTIC.png 200w, https:\/\/warc.org.uk\/wp-content\/uploads\/2023\/12\/200px-MESHTASTIC-150x150.png 150w\" sizes=\"auto, (max-width: 200px) 100vw, 200px\" \/><\/a><\/h4>\n<h4><span id=\"Textnachrichten_.C3.BCber_LORA-Funkmodule_auf_433MHz_austauschen.\" class=\"mw-headline\">Exchange text messages via LORA radio modules on 433MHz.<\/span><\/h4>\n<h6><span id=\"Device_Firmware_Off-Grid-Messaging_mit_kosteng\u00fcnstiger_Hardware,_um_Ihr_pers\u00f6nliches_Mesh_zu_erstellen._LORA-Funkmodule_leiten_Nachrichten_an_den_n\u00e4chsten_weiter,_um_alle_Knoten_im_Netzwerk_zu_erreichen._Kommunizieren_Sie_\u00fcber_Kilometer_zwischen_Knoten._Mit_\u00fcber_MeshCom_im_HAMNET_verbundene_Gateway-Knoten_wird_es_erm\u00f6glicht_Mesh-Bereiche,_welche_keine_direkte_Funkverbindung_haben_zu_verbinden._Siehe_MeshCom_aus_dem_HAMNET_Dashboard_aus_dem_INTERNET_https:\/\/srv08.oevsv.at\/meshcom\"><\/span><span id=\"Device_Firmware_Off-Grid-Messaging_mit_kosteng.C3.BCnstiger_Hardware.2C_um_Ihr_pers.C3.B6nliches_Mesh_zu_erstellen._LORA-Funkmodule_leiten_Nachrichten_an_den_n.C3.A4chsten_weiter.2C_um_alle_Knoten_im_Netzwerk_zu_erreichen._Kommunizieren_Sie_.C3.BCber_Kilometer_zwischen_Knoten._Mit_.C3.BCber_MeshCom_im_HAMNET_verbundene_Gateway-Knoten_wird_es_erm.C3.B6glicht_Mesh-Bereiche.2C_welche_keine_direkte_Funkverbindung_haben_zu_verbinden._Siehe_MeshCom_aus_dem_HAMNET_Dashboard_aus_dem_INTERNET_https:.2F.2Fsrv08.oevsv.at.2Fmeshcom\" class=\"mw-headline\">Device Firmware Off-grid messaging with low-cost hardware to create your personal mesh. LORA radio modules forward messages to the next to reach all nodes in the network. Communicate over kilometers between nodes. Gateway nodes connected via MeshCom in the HAMNET make it possible to connect mesh areas that do not have a direct radio connection. See MeshCom from the HAMNET\u00a0<a class=\"external text\" href=\"http:\/\/meshcom.ampr.at\/\" target=\"_blank\" rel=\"nofollow noreferrer noopener\">Dashboard<\/a>\u00a0from the INTERNET\u00a0<a class=\"external free\" href=\"https:\/\/srv08.oevsv.at\/meshcom\" target=\"_blank\" rel=\"nofollow noreferrer noopener\">https:\/\/srv08.oevsv.at\/meshcom<\/a>.<\/span><\/h6>\n","protected":false},"excerpt":{"rendered":"<p>Exchange text messages via LORA radio modules on 433MHz. Device Firmware Off-grid messaging with low-cost hardware to create your personal mesh. LORA radio modules forward messages to the next to reach all nodes in the network. Communicate over kilometers between nodes. Gateway nodes connected via MeshCom in the HAMNET make\u2026<\/p>\n<p class=\"continue-reading-button\"> <a class=\"continue-reading-link\" href=\"https:\/\/warc.org.uk\/?page_id=125105\">Continue reading<i class=\"crycon-right-dir\"><\/i><\/a><\/p>\n","protected":false},"author":2,"featured_media":0,"parent":71,"menu_order":8,"comment_status":"closed","ping_status":"closed","template":"","meta":{"footnotes":""},"class_list":["post-125105","page","type-page","status-publish","hentry"],"_links":{"self":[{"href":"https:\/\/warc.org.uk\/index.php?rest_route=\/wp\/v2\/pages\/125105","targetHints":{"allow":["GET"]}}],"collection":[{"href":"https:\/\/warc.org.uk\/index.php?rest_route=\/wp\/v2\/pages"}],"about":[{"href":"https:\/\/warc.org.uk\/index.php?rest_route=\/wp\/v2\/types\/page"}],"author":[{"embeddable":true,"href":"https:\/\/warc.org.uk\/index.php?rest_route=\/wp\/v2\/users\/2"}],"replies":[{"embeddable":true,"href":"https:\/\/warc.org.uk\/index.php?rest_route=%2Fwp%2Fv2%2Fcomments&post=125105"}],"version-history":[{"count":2,"href":"https:\/\/warc.org.uk\/index.php?rest_route=\/wp\/v2\/pages\/125105\/revisions"}],"predecessor-version":[{"id":125108,"href":"https:\/\/warc.org.uk\/index.php?rest_route=\/wp\/v2\/pages\/125105\/revisions\/125108"}],"up":[{"embeddable":true,"href":"https:\/\/warc.org.uk\/index.php?rest_route=\/wp\/v2\/pages\/71"}],"wp:attachment":[{"href":"https:\/\/warc.org.uk\/index.php?rest_route=%2Fwp%2Fv2%2Fmedia&parent=125105"}],"curies":[{"name":"wp","href":"https:\/\/api.w.org\/{rel}","templated":true}]}}